{"id":4097,"date":"2025-02-14T15:03:41","date_gmt":"2025-02-14T15:03:41","guid":{"rendered":"https:\/\/fizikalnavertebra.me\/%d0%bf%d0%be%d0%bb%d0%b8%d1%82%d0%b8%d0%ba%d0%b0-%d0%ba%d0%be%d0%bd%d1%84%d0%b8%d0%b4%d0%b5%d0%bd%d1%86%d0%b8%d0%b0%d0%bb%d1%8c%d0%bd%d0%be%d1%81%d1%82%d0%b8\/"},"modified":"2025-03-09T20:26:21","modified_gmt":"2025-03-09T20:26:21","slug":"%d0%bf%d0%be%d0%bb%d0%b8%d1%82%d0%b8%d0%ba%d0%b0-%d0%ba%d0%be%d0%bd%d1%84%d0%b8%d0%b4%d0%b5%d0%bd%d1%86%d0%b8%d0%b0%d0%bb%d1%8c%d0%bd%d0%be%d1%81%d1%82%d0%b8","status":"publish","type":"page","link":"https:\/\/fizikalnavertebra.me\/ru\/%d0%bf%d0%be%d0%bb%d0%b8%d1%82%d0%b8%d0%ba%d0%b0-%d0%ba%d0%be%d0%bd%d1%84%d0%b8%d0%b4%d0%b5%d0%bd%d1%86%d0%b8%d0%b0%d0%bb%d1%8c%d0%bd%d0%be%d1%81%d1%82%d0%b8\/","title":{"rendered":"\u043f\u043e\u043b\u0438\u0442\u0438\u043a\u0430 \u043a\u043e\u043d\u0444\u0438\u0434\u0435\u043d\u0446\u0438\u0430\u043b\u044c\u043d\u043e\u0441\u0442\u0438"},"content":{"rendered":"\t\t<div data-elementor-type=\"wp-page\" data-elementor-id=\"4097\" class=\"elementor elementor-4097\" data-elementor-post-type=\"page\">\n\t\t\t\t\t\t<section class=\"elementor-section elementor-top-section elementor-element elementor-element-351a3df pbmit-col-stretched-none pbmit-bg-color-over-image elementor-section-boxed elementor-section-height-default elementor-section-height-default\" data-id=\"351a3df\" data-element_type=\"section\" data-e-type=\"section\">\n\t\t\t\t\t\t<div class=\"elementor-container elementor-column-gap-default\">\n\t\t\t\t\t<div class=\"elementor-column elementor-col-100 elementor-top-column elementor-element elementor-element-738083a2 pbmit-bg-color-over-image\" data-id=\"738083a2\" data-element_type=\"column\" data-e-type=\"column\">\n\t\t\t<div class=\"elementor-widget-wrap elementor-element-populated\">\n\t\t\t\t\t\t<div class=\"elementor-element elementor-element-396666ad elementor-widget elementor-widget-text-editor\" data-id=\"396666ad\" data-element_type=\"widget\" data-e-type=\"widget\" data-widget_type=\"text-editor.default\">\n\t\t\t\t<div class=\"elementor-widget-container\">\n\t\t\t\t\t\t\t\t\t\n<h2 class=\"wp-block-heading\"><strong>Politika privatnosti<\/strong><\/h2>\n<p>\u00a0<\/p>\n\n<h4 class=\"wp-block-heading\"><strong>1. Ko smo mi?<\/strong><\/h4>\n\n<p>Na\u0161a web stranica: <a href=\"https:\/\/fizikalnavertebra.me\">https:\/\/fizikalnavertebra.me<\/a><\/p>\n<p>Va\u0161a privatnost nam je va\u017ena. Ova politika privatnosti obja\u0161njava koje podatke prikupljamo, kako ih koristimo i kako ih \u0161titimo kada posjetite na\u0161u web stranicu <strong>Fizikalna terapija Vertebra<\/strong>.<\/p>\n<hr class=\"wp-block-separator has-alpha-channel-opacity\" \/>\n<h4 class=\"wp-block-heading\"><strong>2. Koje podatke prikupljamo?<\/strong><\/h4>\n\n<p>Kada koristite na\u0161u web stranicu, mo\u017eemo prikupiti sljede\u0107e podatke:<\/p>\n\n<p><strong>Podaci koje nam dostavite putem kontakt forme<\/strong><\/p>\n\n<ul class=\"wp-block-list\">\n<li>Ime i prezime<\/li>\n\n<li>Email adresa<\/li>\n\n<li>Broj telefona<\/li>\n\n<li>Poruka koju nam \u0161aljete<\/li>\n<\/ul>\n\n<p><strong>Automatski prikupljeni podaci<\/strong><\/p>\n\n<ul class=\"wp-block-list\">\n<li>IP adresa, tip ure\u0111aja i pretra\u017eiva\u010d koji koristite<\/li>\n\n<li>Stranice koje posje\u0107ujete i vrijeme provedeno na sajtu (kroz alate za analizu posje\u0107enosti, npr. Google Analytics)<\/li>\n<\/ul>\n\n<p><strong>Podaci iz kola\u010di\u0107a (cookies)<\/strong><\/p>\n\n<ul class=\"wp-block-list\">\n<li>Informacije koje poma\u017eu u pobolj\u0161anju korisni\u010dkog iskustva<\/li>\n<\/ul>\n\n<p><strong>Ne prikupljamo osjetljive podatke<\/strong>, poput zdravstvenih informacija, finansijskih podataka ili podataka koji omogu\u0107avaju identifikaciju osim onih koje sami dostavite putem kontakt forme.<\/p>\n<hr class=\"wp-block-separator has-alpha-channel-opacity\" \/>\n<h4 class=\"wp-block-heading\"><strong>3. Kako koristimo va\u0161e podatke?<\/strong><\/h4>\n\n<p>Va\u0161e podatke koristimo isklju\u010divo za:<\/p>\n\n<p><strong>Odgovaranje na va\u0161e upite<\/strong> putem kontakt forme ili telefona<br \/><strong>Analizu i optimizaciju web stranice<\/strong> kroz alate za pra\u0107enje posje\u0107enosti<br \/><strong>Pobolj\u0161anje korisni\u010dkog iskustva<\/strong><\/p>\n\n<p>Ne dijelimo va\u0161e podatke sa tre\u0107im stranama, osim ako je to neophodno iz zakonskih razloga ili tehni\u010dke podr\u0161ke sajta.<\/p>\n<hr class=\"wp-block-separator has-alpha-channel-opacity\" \/>\n<h4 class=\"wp-block-heading\"><strong>4. Kola\u010di\u0107i (Cookies)<\/strong><\/h4>\n\n<p>Na\u0161a web stranica koristi kola\u010di\u0107e (cookies) radi:<\/p>\n\n<ul class=\"wp-block-list\">\n<li>Pobolj\u0161anja funkcionalnosti sajta<\/li>\n\n<li>Analize posje\u0107enosti i optimizacije sadr\u017eaja<\/li>\n\n<li>Prilago\u0111avanja korisni\u010dkog iskustva<\/li>\n<\/ul>\n\n<p>Mo\u017eete ih onemogu\u0107iti u pode\u0161avanjima va\u0161eg pretra\u017eiva\u010da, ali to mo\u017ee uticati na odre\u0111ene funkcionalnosti sajta.<\/p>\n<hr class=\"wp-block-separator has-alpha-channel-opacity\" \/>\n<h4 class=\"wp-block-heading\"><strong>5. Kako \u0161titimo va\u0161e podatke?<\/strong><\/h4>\n\n<ul class=\"wp-block-list\">\n<li>Koristimo sigurne servere i tehni\u010dke mjere za\u0161tite podataka<\/li>\n\n<li>Ograni\u010davamo pristup podacima \u2013 samo ovla\u0161\u0107ene osobe mogu ih obra\u0111ivati<\/li>\n\n<li>Ne dijelimo podatke sa tre\u0107im stranama u komercijalne svrhe<\/li>\n<\/ul>\n<hr class=\"wp-block-separator has-alpha-channel-opacity\" \/>\n<h4 class=\"wp-block-heading\"><strong>6. Va\u0161a prava u vezi sa podacima<\/strong><\/h4>\n\n<p>U skladu sa va\u017ee\u0107im zakonima o za\u0161titi podataka, imate pravo da:<\/p>\n\n<ul class=\"wp-block-list\">\n<li><strong>Zatra\u017eite pristup, ispravku ili brisanje va\u0161ih podataka<\/strong><\/li>\n\n<li><strong>Ograni\u010dite obradu podataka ili prigovorite na njihovu upotrebu<\/strong><\/li>\n\n<li><strong>Povu\u010dete saglasnost za obradu podataka u bilo kojem trenutku<\/strong><\/li>\n<\/ul>\n\n<p>Za ostvarenje ovih prava, kontaktirajte nas putem <strong>emaila: <a>vertebra.fizikal@gmail.com<\/a><\/strong>.<\/p>\n<hr class=\"wp-block-separator has-alpha-channel-opacity\" \/>\n<h4 class=\"wp-block-heading\"><strong>7. Promjene u politici privatnosti<\/strong><\/h4>\n\n<p>Mo\u017eemo povremeno a\u017eurirati ovu politiku privatnosti kako bismo je uskladili sa zakonima ili promjenama u poslovanju. Sve izmjene bi\u0107e objavljene na ovoj stranici.<\/p>\n<hr class=\"wp-block-separator has-alpha-channel-opacity\" \/>\n<p>Ako imate dodatna pitanja o va\u0161im podacima i za\u0161titi privatnosti, slobodno nas kontaktirajte putem <strong>emaila ili telefona<\/strong>.<\/p>\n\n<p><strong>Email<\/strong>: <a>vertebra.fizikal@gmail.com<\/a><br \/><strong>Adresa<\/strong>: Henrika Angela, Podgorica 81000<br \/><strong>Telefon<\/strong>: +382 67 426 175<\/p>\n\t\t\t\t\t\t\t\t<\/div>\n\t\t\t\t<\/div>\n\t\t\t\t\t<\/div>\n\t\t<\/div>\n\t\t\t\t\t<\/div>\n\t\t<\/section>\n\t\t\t\t<\/div>\n\t\t","protected":false},"excerpt":{"rendered":"<p>\u043f\u043e\u043b\u0438\u0442\u0438\u043a\u0430 \u043a\u043e\u043d\u0444\u0438\u0434\u0435\u043d\u0446\u0438\u0430\u043b\u044c\u043d\u043e\u0441\u0442\u0438 1. \u041a\u0442\u043e \u043c\u044b? \u041d\u0430\u0448 \u0441\u0430\u0439\u0442: https:\/\/fizikalnavertebra.me \u0412\u0430\u0448\u0430 \u043a\u043e\u043d\u0444\u0438\u0434\u0435\u043d\u0446\u0438\u0430\u043b\u044c\u043d\u043e\u0441\u0442\u044c \u0432\u0430\u0436\u043d\u0430 \u0434\u043b\u044f \u043d\u0430\u0441. \u0412 \u044d\u0442\u043e\u0439 \u043f\u043e\u043b\u0438\u0442\u0438\u043a\u0435 \u043a\u043e\u043d\u0444\u0438\u0434\u0435\u043d\u0446\u0438\u0430\u043b\u044c\u043d\u043e\u0441\u0442\u0438 \u043e\u0431\u044a\u044f\u0441\u043d\u044f\u0435\u0442\u0441\u044f, \u043a\u0430\u043a\u0443\u044e \u0438\u043d\u0444\u043e\u0440\u043c\u0430\u0446\u0438\u044e \u043c\u044b \u0441\u043e\u0431\u0438\u0440\u0430\u0435\u043c, \u043a\u0430\u043a \u043c\u044b \u0435\u0435 \u0438\u0441\u043f\u043e\u043b\u044c\u0437\u0443\u0435\u043c \u0438 \u043a\u0430\u043a \u043c\u044b \u0435\u0435 \u0437\u0430\u0449\u0438\u0449\u0430\u0435\u043c, \u043a\u043e\u0433\u0434\u0430 \u0432\u044b \u043f\u043e\u0441\u0435\u0449\u0430\u0435\u0442\u0435 \u043d\u0430\u0448 \u0432\u0435\u0431-\u0441\u0430\u0439\u0442 Vertebra Physical Therapy . 2. \u041a\u0430\u043a\u0438\u0435 \u0434\u0430\u043d\u043d\u044b\u0435 \u043c\u044b \u0441\u043e\u0431\u0438\u0440\u0430\u0435\u043c? \u041a\u043e\u0433\u0434\u0430 \u0432\u044b \u0438\u0441\u043f\u043e\u043b\u044c\u0437\u0443\u0435\u0442\u0435 \u043d\u0430\u0448 \u0432\u0435\u0431-\u0441\u0430\u0439\u0442, \u043c\u044b \u043c\u043e\u0436\u0435\u043c \u0441\u043e\u0431\u0438\u0440\u0430\u0442\u044c \u0441\u043b\u0435\u0434\u0443\u044e\u0449\u0443\u044e \u0438\u043d\u0444\u043e\u0440\u043c\u0430\u0446\u0438\u044e: [&hellip;]<\/p>\n","protected":false},"author":1,"featured_media":0,"parent":0,"menu_order":0,"comment_status":"closed","ping_status":"open","template":"elementor_header_footer","meta":{"_acf_changed":false,"inline_featured_image":false,"footnotes":""},"class_list":["post-4097","page","type-page","status-publish","hentry"],"acf":[],"yoast_head":"<!-- This site is optimized with the Yoast SEO plugin v27.3 - https:\/\/yoast.com\/product\/yoast-seo-wordpress\/ -->\n<title>\u043f\u043e\u043b\u0438\u0442\u0438\u043a\u0430 \u043a\u043e\u043d\u0444\u0438\u0434\u0435\u043d\u0446\u0438\u0430\u043b\u044c\u043d\u043e\u0441\u0442\u0438 - Vertebra<\/title>\n<meta name=\"robots\" content=\"index, follow, max-snippet:-1, max-image-preview:large, max-video-preview:-1\" \/>\n<link rel=\"canonical\" href=\"https:\/\/fizikalnavertebra.me\/ru\/%d0%bf%d0%be%d0%bb%d0%b8%d1%82%d0%b8%d0%ba%d0%b0-%d0%ba%d0%be%d0%bd%d1%84%d0%b8%d0%b4%d0%b5%d0%bd%d1%86%d0%b8%d0%b0%d0%bb%d1%8c%d0%bd%d0%be%d1%81%d1%82%d0%b8\/\" \/>\n<meta property=\"og:locale\" content=\"ru_RU\" \/>\n<meta property=\"og:type\" content=\"article\" \/>\n<meta property=\"og:title\" content=\"\u043f\u043e\u043b\u0438\u0442\u0438\u043a\u0430 \u043a\u043e\u043d\u0444\u0438\u0434\u0435\u043d\u0446\u0438\u0430\u043b\u044c\u043d\u043e\u0441\u0442\u0438 - Vertebra\" \/>\n<meta property=\"og:description\" content=\"\u043f\u043e\u043b\u0438\u0442\u0438\u043a\u0430 \u043a\u043e\u043d\u0444\u0438\u0434\u0435\u043d\u0446\u0438\u0430\u043b\u044c\u043d\u043e\u0441\u0442\u0438 1. \u041a\u0442\u043e \u043c\u044b? \u041d\u0430\u0448 \u0441\u0430\u0439\u0442: https:\/\/fizikalnavertebra.me \u0412\u0430\u0448\u0430 \u043a\u043e\u043d\u0444\u0438\u0434\u0435\u043d\u0446\u0438\u0430\u043b\u044c\u043d\u043e\u0441\u0442\u044c \u0432\u0430\u0436\u043d\u0430 \u0434\u043b\u044f \u043d\u0430\u0441. \u0412 \u044d\u0442\u043e\u0439 \u043f\u043e\u043b\u0438\u0442\u0438\u043a\u0435 \u043a\u043e\u043d\u0444\u0438\u0434\u0435\u043d\u0446\u0438\u0430\u043b\u044c\u043d\u043e\u0441\u0442\u0438 \u043e\u0431\u044a\u044f\u0441\u043d\u044f\u0435\u0442\u0441\u044f, \u043a\u0430\u043a\u0443\u044e \u0438\u043d\u0444\u043e\u0440\u043c\u0430\u0446\u0438\u044e \u043c\u044b \u0441\u043e\u0431\u0438\u0440\u0430\u0435\u043c, \u043a\u0430\u043a \u043c\u044b \u0435\u0435 \u0438\u0441\u043f\u043e\u043b\u044c\u0437\u0443\u0435\u043c \u0438 \u043a\u0430\u043a \u043c\u044b \u0435\u0435 \u0437\u0430\u0449\u0438\u0449\u0430\u0435\u043c, \u043a\u043e\u0433\u0434\u0430 \u0432\u044b \u043f\u043e\u0441\u0435\u0449\u0430\u0435\u0442\u0435 \u043d\u0430\u0448 \u0432\u0435\u0431-\u0441\u0430\u0439\u0442 Vertebra Physical Therapy . 2. \u041a\u0430\u043a\u0438\u0435 \u0434\u0430\u043d\u043d\u044b\u0435 \u043c\u044b \u0441\u043e\u0431\u0438\u0440\u0430\u0435\u043c? \u041a\u043e\u0433\u0434\u0430 \u0432\u044b \u0438\u0441\u043f\u043e\u043b\u044c\u0437\u0443\u0435\u0442\u0435 \u043d\u0430\u0448 \u0432\u0435\u0431-\u0441\u0430\u0439\u0442, \u043c\u044b \u043c\u043e\u0436\u0435\u043c \u0441\u043e\u0431\u0438\u0440\u0430\u0442\u044c \u0441\u043b\u0435\u0434\u0443\u044e\u0449\u0443\u044e \u0438\u043d\u0444\u043e\u0440\u043c\u0430\u0446\u0438\u044e: [&hellip;]\" \/>\n<meta property=\"og:url\" content=\"https:\/\/fizikalnavertebra.me\/ru\/%d0%bf%d0%be%d0%bb%d0%b8%d1%82%d0%b8%d0%ba%d0%b0-%d0%ba%d0%be%d0%bd%d1%84%d0%b8%d0%b4%d0%b5%d0%bd%d1%86%d0%b8%d0%b0%d0%bb%d1%8c%d0%bd%d0%be%d1%81%d1%82%d0%b8\/\" \/>\n<meta property=\"og:site_name\" content=\"Vertebra\" \/>\n<meta property=\"article:modified_time\" content=\"2025-03-09T20:26:21+00:00\" \/>\n<meta name=\"twitter:card\" content=\"summary_large_image\" \/>\n<script type=\"application\/ld+json\" class=\"yoast-schema-graph\">{\"@context\":\"https:\\\/\\\/schema.org\",\"@graph\":[{\"@type\":\"WebPage\",\"@id\":\"https:\\\/\\\/fizikalnavertebra.me\\\/ru\\\/%d0%bf%d0%be%d0%bb%d0%b8%d1%82%d0%b8%d0%ba%d0%b0-%d0%ba%d0%be%d0%bd%d1%84%d0%b8%d0%b4%d0%b5%d0%bd%d1%86%d0%b8%d0%b0%d0%bb%d1%8c%d0%bd%d0%be%d1%81%d1%82%d0%b8\\\/\",\"url\":\"https:\\\/\\\/fizikalnavertebra.me\\\/ru\\\/%d0%bf%d0%be%d0%bb%d0%b8%d1%82%d0%b8%d0%ba%d0%b0-%d0%ba%d0%be%d0%bd%d1%84%d0%b8%d0%b4%d0%b5%d0%bd%d1%86%d0%b8%d0%b0%d0%bb%d1%8c%d0%bd%d0%be%d1%81%d1%82%d0%b8\\\/\",\"name\":\"\u043f\u043e\u043b\u0438\u0442\u0438\u043a\u0430 \u043a\u043e\u043d\u0444\u0438\u0434\u0435\u043d\u0446\u0438\u0430\u043b\u044c\u043d\u043e\u0441\u0442\u0438 - Vertebra\",\"isPartOf\":{\"@id\":\"https:\\\/\\\/fizikalnavertebra.me\\\/ru\\\/#website\"},\"datePublished\":\"2025-02-14T15:03:41+00:00\",\"dateModified\":\"2025-03-09T20:26:21+00:00\",\"breadcrumb\":{\"@id\":\"https:\\\/\\\/fizikalnavertebra.me\\\/ru\\\/%d0%bf%d0%be%d0%bb%d0%b8%d1%82%d0%b8%d0%ba%d0%b0-%d0%ba%d0%be%d0%bd%d1%84%d0%b8%d0%b4%d0%b5%d0%bd%d1%86%d0%b8%d0%b0%d0%bb%d1%8c%d0%bd%d0%be%d1%81%d1%82%d0%b8\\\/#breadcrumb\"},\"inLanguage\":\"ru-RU\",\"potentialAction\":[{\"@type\":\"ReadAction\",\"target\":[\"https:\\\/\\\/fizikalnavertebra.me\\\/ru\\\/%d0%bf%d0%be%d0%bb%d0%b8%d1%82%d0%b8%d0%ba%d0%b0-%d0%ba%d0%be%d0%bd%d1%84%d0%b8%d0%b4%d0%b5%d0%bd%d1%86%d0%b8%d0%b0%d0%bb%d1%8c%d0%bd%d0%be%d1%81%d1%82%d0%b8\\\/\"]}]},{\"@type\":\"BreadcrumbList\",\"@id\":\"https:\\\/\\\/fizikalnavertebra.me\\\/ru\\\/%d0%bf%d0%be%d0%bb%d0%b8%d1%82%d0%b8%d0%ba%d0%b0-%d0%ba%d0%be%d0%bd%d1%84%d0%b8%d0%b4%d0%b5%d0%bd%d1%86%d0%b8%d0%b0%d0%bb%d1%8c%d0%bd%d0%be%d1%81%d1%82%d0%b8\\\/#breadcrumb\",\"itemListElement\":[{\"@type\":\"ListItem\",\"position\":1,\"name\":\"Home\",\"item\":\"https:\\\/\\\/fizikalnavertebra.me\\\/ru\\\/%d0%b4%d0%be%d0%bc\\\/\"},{\"@type\":\"ListItem\",\"position\":2,\"name\":\"\u043f\u043e\u043b\u0438\u0442\u0438\u043a\u0430 \u043a\u043e\u043d\u0444\u0438\u0434\u0435\u043d\u0446\u0438\u0430\u043b\u044c\u043d\u043e\u0441\u0442\u0438\"}]},{\"@type\":\"WebSite\",\"@id\":\"https:\\\/\\\/fizikalnavertebra.me\\\/ru\\\/#website\",\"url\":\"https:\\\/\\\/fizikalnavertebra.me\\\/ru\\\/\",\"name\":\"Vertebra\",\"description\":\"Fizikalna terapija\",\"publisher\":{\"@id\":\"https:\\\/\\\/fizikalnavertebra.me\\\/ru\\\/#organization\"},\"potentialAction\":[{\"@type\":\"SearchAction\",\"target\":{\"@type\":\"EntryPoint\",\"urlTemplate\":\"https:\\\/\\\/fizikalnavertebra.me\\\/ru\\\/?s={search_term_string}\"},\"query-input\":{\"@type\":\"PropertyValueSpecification\",\"valueRequired\":true,\"valueName\":\"search_term_string\"}}],\"inLanguage\":\"ru-RU\"},{\"@type\":\"Organization\",\"@id\":\"https:\\\/\\\/fizikalnavertebra.me\\\/ru\\\/#organization\",\"name\":\"Vertebra\",\"url\":\"https:\\\/\\\/fizikalnavertebra.me\\\/ru\\\/\",\"logo\":{\"@type\":\"ImageObject\",\"inLanguage\":\"ru-RU\",\"@id\":\"https:\\\/\\\/fizikalnavertebra.me\\\/ru\\\/#\\\/schema\\\/logo\\\/image\\\/\",\"url\":\"https:\\\/\\\/fizikalnavertebra.me\\\/wp-content\\\/uploads\\\/2025\\\/02\\\/Vertebra-logo.png\",\"contentUrl\":\"https:\\\/\\\/fizikalnavertebra.me\\\/wp-content\\\/uploads\\\/2025\\\/02\\\/Vertebra-logo.png\",\"width\":1000,\"height\":482,\"caption\":\"Vertebra\"},\"image\":{\"@id\":\"https:\\\/\\\/fizikalnavertebra.me\\\/ru\\\/#\\\/schema\\\/logo\\\/image\\\/\"}}]}<\/script>\n<!-- \/ Yoast SEO plugin. -->","yoast_head_json":{"title":"\u043f\u043e\u043b\u0438\u0442\u0438\u043a\u0430 \u043a\u043e\u043d\u0444\u0438\u0434\u0435\u043d\u0446\u0438\u0430\u043b\u044c\u043d\u043e\u0441\u0442\u0438 - Vertebra","robots":{"index":"index","follow":"follow","max-snippet":"max-snippet:-1","max-image-preview":"max-image-preview:large","max-video-preview":"max-video-preview:-1"},"canonical":"https:\/\/fizikalnavertebra.me\/ru\/%d0%bf%d0%be%d0%bb%d0%b8%d1%82%d0%b8%d0%ba%d0%b0-%d0%ba%d0%be%d0%bd%d1%84%d0%b8%d0%b4%d0%b5%d0%bd%d1%86%d0%b8%d0%b0%d0%bb%d1%8c%d0%bd%d0%be%d1%81%d1%82%d0%b8\/","og_locale":"ru_RU","og_type":"article","og_title":"\u043f\u043e\u043b\u0438\u0442\u0438\u043a\u0430 \u043a\u043e\u043d\u0444\u0438\u0434\u0435\u043d\u0446\u0438\u0430\u043b\u044c\u043d\u043e\u0441\u0442\u0438 - Vertebra","og_description":"\u043f\u043e\u043b\u0438\u0442\u0438\u043a\u0430 \u043a\u043e\u043d\u0444\u0438\u0434\u0435\u043d\u0446\u0438\u0430\u043b\u044c\u043d\u043e\u0441\u0442\u0438 1. \u041a\u0442\u043e \u043c\u044b? \u041d\u0430\u0448 \u0441\u0430\u0439\u0442: https:\/\/fizikalnavertebra.me \u0412\u0430\u0448\u0430 \u043a\u043e\u043d\u0444\u0438\u0434\u0435\u043d\u0446\u0438\u0430\u043b\u044c\u043d\u043e\u0441\u0442\u044c \u0432\u0430\u0436\u043d\u0430 \u0434\u043b\u044f \u043d\u0430\u0441. \u0412 \u044d\u0442\u043e\u0439 \u043f\u043e\u043b\u0438\u0442\u0438\u043a\u0435 \u043a\u043e\u043d\u0444\u0438\u0434\u0435\u043d\u0446\u0438\u0430\u043b\u044c\u043d\u043e\u0441\u0442\u0438 \u043e\u0431\u044a\u044f\u0441\u043d\u044f\u0435\u0442\u0441\u044f, \u043a\u0430\u043a\u0443\u044e \u0438\u043d\u0444\u043e\u0440\u043c\u0430\u0446\u0438\u044e \u043c\u044b \u0441\u043e\u0431\u0438\u0440\u0430\u0435\u043c, \u043a\u0430\u043a \u043c\u044b \u0435\u0435 \u0438\u0441\u043f\u043e\u043b\u044c\u0437\u0443\u0435\u043c \u0438 \u043a\u0430\u043a \u043c\u044b \u0435\u0435 \u0437\u0430\u0449\u0438\u0449\u0430\u0435\u043c, \u043a\u043e\u0433\u0434\u0430 \u0432\u044b \u043f\u043e\u0441\u0435\u0449\u0430\u0435\u0442\u0435 \u043d\u0430\u0448 \u0432\u0435\u0431-\u0441\u0430\u0439\u0442 Vertebra Physical Therapy . 2. \u041a\u0430\u043a\u0438\u0435 \u0434\u0430\u043d\u043d\u044b\u0435 \u043c\u044b \u0441\u043e\u0431\u0438\u0440\u0430\u0435\u043c? \u041a\u043e\u0433\u0434\u0430 \u0432\u044b \u0438\u0441\u043f\u043e\u043b\u044c\u0437\u0443\u0435\u0442\u0435 \u043d\u0430\u0448 \u0432\u0435\u0431-\u0441\u0430\u0439\u0442, \u043c\u044b \u043c\u043e\u0436\u0435\u043c \u0441\u043e\u0431\u0438\u0440\u0430\u0442\u044c \u0441\u043b\u0435\u0434\u0443\u044e\u0449\u0443\u044e \u0438\u043d\u0444\u043e\u0440\u043c\u0430\u0446\u0438\u044e: [&hellip;]","og_url":"https:\/\/fizikalnavertebra.me\/ru\/%d0%bf%d0%be%d0%bb%d0%b8%d1%82%d0%b8%d0%ba%d0%b0-%d0%ba%d0%be%d0%bd%d1%84%d0%b8%d0%b4%d0%b5%d0%bd%d1%86%d0%b8%d0%b0%d0%bb%d1%8c%d0%bd%d0%be%d1%81%d1%82%d0%b8\/","og_site_name":"Vertebra","article_modified_time":"2025-03-09T20:26:21+00:00","twitter_card":"summary_large_image","schema":{"@context":"https:\/\/schema.org","@graph":[{"@type":"WebPage","@id":"https:\/\/fizikalnavertebra.me\/ru\/%d0%bf%d0%be%d0%bb%d0%b8%d1%82%d0%b8%d0%ba%d0%b0-%d0%ba%d0%be%d0%bd%d1%84%d0%b8%d0%b4%d0%b5%d0%bd%d1%86%d0%b8%d0%b0%d0%bb%d1%8c%d0%bd%d0%be%d1%81%d1%82%d0%b8\/","url":"https:\/\/fizikalnavertebra.me\/ru\/%d0%bf%d0%be%d0%bb%d0%b8%d1%82%d0%b8%d0%ba%d0%b0-%d0%ba%d0%be%d0%bd%d1%84%d0%b8%d0%b4%d0%b5%d0%bd%d1%86%d0%b8%d0%b0%d0%bb%d1%8c%d0%bd%d0%be%d1%81%d1%82%d0%b8\/","name":"\u043f\u043e\u043b\u0438\u0442\u0438\u043a\u0430 \u043a\u043e\u043d\u0444\u0438\u0434\u0435\u043d\u0446\u0438\u0430\u043b\u044c\u043d\u043e\u0441\u0442\u0438 - Vertebra","isPartOf":{"@id":"https:\/\/fizikalnavertebra.me\/ru\/#website"},"datePublished":"2025-02-14T15:03:41+00:00","dateModified":"2025-03-09T20:26:21+00:00","breadcrumb":{"@id":"https:\/\/fizikalnavertebra.me\/ru\/%d0%bf%d0%be%d0%bb%d0%b8%d1%82%d0%b8%d0%ba%d0%b0-%d0%ba%d0%be%d0%bd%d1%84%d0%b8%d0%b4%d0%b5%d0%bd%d1%86%d0%b8%d0%b0%d0%bb%d1%8c%d0%bd%d0%be%d1%81%d1%82%d0%b8\/#breadcrumb"},"inLanguage":"ru-RU","potentialAction":[{"@type":"ReadAction","target":["https:\/\/fizikalnavertebra.me\/ru\/%d0%bf%d0%be%d0%bb%d0%b8%d1%82%d0%b8%d0%ba%d0%b0-%d0%ba%d0%be%d0%bd%d1%84%d0%b8%d0%b4%d0%b5%d0%bd%d1%86%d0%b8%d0%b0%d0%bb%d1%8c%d0%bd%d0%be%d1%81%d1%82%d0%b8\/"]}]},{"@type":"BreadcrumbList","@id":"https:\/\/fizikalnavertebra.me\/ru\/%d0%bf%d0%be%d0%bb%d0%b8%d1%82%d0%b8%d0%ba%d0%b0-%d0%ba%d0%be%d0%bd%d1%84%d0%b8%d0%b4%d0%b5%d0%bd%d1%86%d0%b8%d0%b0%d0%bb%d1%8c%d0%bd%d0%be%d1%81%d1%82%d0%b8\/#breadcrumb","itemListElement":[{"@type":"ListItem","position":1,"name":"Home","item":"https:\/\/fizikalnavertebra.me\/ru\/%d0%b4%d0%be%d0%bc\/"},{"@type":"ListItem","position":2,"name":"\u043f\u043e\u043b\u0438\u0442\u0438\u043a\u0430 \u043a\u043e\u043d\u0444\u0438\u0434\u0435\u043d\u0446\u0438\u0430\u043b\u044c\u043d\u043e\u0441\u0442\u0438"}]},{"@type":"WebSite","@id":"https:\/\/fizikalnavertebra.me\/ru\/#website","url":"https:\/\/fizikalnavertebra.me\/ru\/","name":"Vertebra","description":"Fizikalna terapija","publisher":{"@id":"https:\/\/fizikalnavertebra.me\/ru\/#organization"},"potentialAction":[{"@type":"SearchAction","target":{"@type":"EntryPoint","urlTemplate":"https:\/\/fizikalnavertebra.me\/ru\/?s={search_term_string}"},"query-input":{"@type":"PropertyValueSpecification","valueRequired":true,"valueName":"search_term_string"}}],"inLanguage":"ru-RU"},{"@type":"Organization","@id":"https:\/\/fizikalnavertebra.me\/ru\/#organization","name":"Vertebra","url":"https:\/\/fizikalnavertebra.me\/ru\/","logo":{"@type":"ImageObject","inLanguage":"ru-RU","@id":"https:\/\/fizikalnavertebra.me\/ru\/#\/schema\/logo\/image\/","url":"https:\/\/fizikalnavertebra.me\/wp-content\/uploads\/2025\/02\/Vertebra-logo.png","contentUrl":"https:\/\/fizikalnavertebra.me\/wp-content\/uploads\/2025\/02\/Vertebra-logo.png","width":1000,"height":482,"caption":"Vertebra"},"image":{"@id":"https:\/\/fizikalnavertebra.me\/ru\/#\/schema\/logo\/image\/"}}]}},"_links":{"self":[{"href":"https:\/\/fizikalnavertebra.me\/ru\/wp-json\/wp\/v2\/pages\/4097","targetHints":{"allow":["GET"]}}],"collection":[{"href":"https:\/\/fizikalnavertebra.me\/ru\/wp-json\/wp\/v2\/pages"}],"about":[{"href":"https:\/\/fizikalnavertebra.me\/ru\/wp-json\/wp\/v2\/types\/page"}],"author":[{"embeddable":true,"href":"https:\/\/fizikalnavertebra.me\/ru\/wp-json\/wp\/v2\/users\/1"}],"replies":[{"embeddable":true,"href":"https:\/\/fizikalnavertebra.me\/ru\/wp-json\/wp\/v2\/comments?post=4097"}],"version-history":[{"count":1,"href":"https:\/\/fizikalnavertebra.me\/ru\/wp-json\/wp\/v2\/pages\/4097\/revisions"}],"predecessor-version":[{"id":4146,"href":"https:\/\/fizikalnavertebra.me\/ru\/wp-json\/wp\/v2\/pages\/4097\/revisions\/4146"}],"wp:attachment":[{"href":"https:\/\/fizikalnavertebra.me\/ru\/wp-json\/wp\/v2\/media?parent=4097"}],"curies":[{"name":"wp","href":"https:\/\/api.w.org\/{rel}","templated":true}]}}